
{"id":2045,"date":"2019-04-18T11:19:28","date_gmt":"2019-04-18T14:19:28","guid":{"rendered":"http:\/\/cursos.unipampa.edu.br\/cursos\/engenhariadesoftware\/?page_id=2045"},"modified":"2025-06-01T01:53:30","modified_gmt":"2025-06-01T04:53:30","slug":"laboratorios","status":"publish","type":"page","link":"https:\/\/cursos.unipampa.edu.br\/cursos\/engenhariadesoftware\/?page_id=2045","title":{"rendered":"Laborat\u00f3rios"},"content":{"rendered":"<p style=\"text-align: justify\">O\u00a0<em>Campus<\/em> Alegrete possui atualmente cinco laborat\u00f3rios de inform\u00e1tica, os quais contam com softwares para a assist\u00eancia \u00e0s aulas. Estes est\u00e3o distribu\u00eddos no bloco A1 e t\u00eam as seguintes configura\u00e7\u00f5es de m\u00e1quinas:<\/p>\n<div>\n<ul>\n<li><strong>Laborat\u00f3rio 1 (Sala 212)<\/strong>\n<ul>\n<li><strong>Computadores:<\/strong> 20\n<ul>\n<li><span style=\"text-decoration: underline\">Processador:<\/span> Intel Core i5 650 @ 3.20 GHz<\/li>\n<li><span style=\"text-decoration: underline\">Mem\u00f3ria RAM:<\/span> 8 GB DDR3<\/li>\n<li><span style=\"text-decoration: underline\">Sistema Operacional:<\/span> Windows 11 Pro<\/li>\n<\/ul>\n<\/li>\n<\/ul>\n<\/li>\n<li><strong>Laborat\u00f3rio 2 (Sala 210)<\/strong>\n<ul>\n<li><strong>Computadores:<\/strong> 20\n<ul>\n<li><span style=\"text-decoration: underline\">Processador:<\/span> AMD A8-6500B APU com Radeon HD Graphics<\/li>\n<li><span style=\"text-decoration: underline\">Mem\u00f3ria RAM:<\/span> 8 GB DDR3<\/li>\n<li><span style=\"text-decoration: underline\">Sistema Operacional:<\/span> Windows 10 Pro<\/li>\n<\/ul>\n<\/li>\n<\/ul>\n<\/li>\n<li><strong>Laborat\u00f3rio 3 (Sala 302)<\/strong>\n<ul>\n<li><strong>Computadores:<\/strong> 20\n<ul>\n<li><span style=\"text-decoration: underline\">Processador:<\/span> Intel Core i5-8400 @ 2.80 GHz<\/li>\n<li><span style=\"text-decoration: underline\">Mem\u00f3ria RAM:<\/span> 8 GB DDR4<\/li>\n<li><span style=\"text-decoration: underline\">Sistema Operacional:<\/span> Windows 11 Pro<\/li>\n<\/ul>\n<\/li>\n<\/ul>\n<\/li>\n<li><strong>Laborat\u00f3rio 4 (Sala 202)<\/strong>\n<ul>\n<li><strong>Computadores:<\/strong> 20\n<ul>\n<li><span style=\"text-decoration: underline\">Processador:<\/span> AMD Ryzen 5 PRO 4650GE com Radeon Graphics<\/li>\n<li><span style=\"text-decoration: underline\">Mem\u00f3ria RAM:<\/span> 16 GB DDR4<\/li>\n<li><span style=\"text-decoration: underline\">Sistema Operacional:<\/span> Windows 11 Pro<\/li>\n<\/ul>\n<\/li>\n<\/ul>\n<\/li>\n<li><strong>Laborat\u00f3rio 5 (Sala 102)<\/strong>\n<ul>\n<li><strong>Computadores:<\/strong> 30\n<ul>\n<li><span style=\"text-decoration: underline\">Processador:<\/span> AMD Ryzen 5 PRO 4650GE com Radeon Graphics \/ Intel Core i5 650 @ 3.20 GHz<\/li>\n<li><span style=\"text-decoration: underline\">Mem\u00f3ria RAM:<\/span> 16 GB DDR4 \/ 8 GB DDR3<\/li>\n<li><span style=\"text-decoration: underline\">Sistema Operacional:<\/span> Windows 11 Pro<\/li>\n<\/ul>\n<\/li>\n<\/ul>\n<\/li>\n<\/ul>\n<p>&nbsp;<\/p>\n<\/div>\n","protected":false},"excerpt":{"rendered":"<p>O\u00a0Campus Alegrete possui atualmente cinco laborat\u00f3rios de inform\u00e1tica, os quais contam com softwares para a assist\u00eancia \u00e0s aulas. Estes est\u00e3o distribu\u00eddos no bloco A1 e t\u00eam as seguintes configura\u00e7\u00f5es de m\u00e1quinas: Laborat\u00f3rio 1 (Sala 212) Computadores: 20 Processador: Intel Core i5 650 @ 3.20 GHz Mem\u00f3ria RAM: 8 GB DDR3 Sistema Operacional: Windows 11 Pro &hellip; <a href=\"https:\/\/cursos.unipampa.edu.br\/cursos\/engenhariadesoftware\/?page_id=2045\" class=\"more-link\">Continue lendo <span class=\"screen-reader-text\">Laborat\u00f3rios<\/span> <span class=\"meta-nav\">&rarr;<\/span><\/a><\/p>\n","protected":false},"author":857,"featured_media":0,"parent":0,"menu_order":0,"comment_status":"closed","ping_status":"closed","template":"","meta":[],"_links":{"self":[{"href":"https:\/\/cursos.unipampa.edu.br\/cursos\/engenhariadesoftware\/index.php?rest_route=\/wp\/v2\/pages\/2045"}],"collection":[{"href":"https:\/\/cursos.unipampa.edu.br\/cursos\/engenhariadesoftware\/index.php?rest_route=\/wp\/v2\/pages"}],"about":[{"href":"https:\/\/cursos.unipampa.edu.br\/cursos\/engenhariadesoftware\/index.php?rest_route=\/wp\/v2\/types\/page"}],"author":[{"embeddable":true,"href":"https:\/\/cursos.unipampa.edu.br\/cursos\/engenhariadesoftware\/index.php?rest_route=\/wp\/v2\/users\/857"}],"replies":[{"embeddable":true,"href":"https:\/\/cursos.unipampa.edu.br\/cursos\/engenhariadesoftware\/index.php?rest_route=%2Fwp%2Fv2%2Fcomments&post=2045"}],"version-history":[{"count":10,"href":"https:\/\/cursos.unipampa.edu.br\/cursos\/engenhariadesoftware\/index.php?rest_route=\/wp\/v2\/pages\/2045\/revisions"}],"predecessor-version":[{"id":3634,"href":"https:\/\/cursos.unipampa.edu.br\/cursos\/engenhariadesoftware\/index.php?rest_route=\/wp\/v2\/pages\/2045\/revisions\/3634"}],"wp:attachment":[{"href":"https:\/\/cursos.unipampa.edu.br\/cursos\/engenhariadesoftware\/index.php?rest_route=%2Fwp%2Fv2%2Fmedia&parent=2045"}],"curies":[{"name":"wp","href":"https:\/\/api.w.org\/{rel}","templated":true}]}}