
{"id":1971,"date":"2018-03-12T18:32:01","date_gmt":"2018-03-12T21:32:01","guid":{"rendered":"http:\/\/cursos.unipampa.edu.br\/cursos\/engenhariadesoftware\/?page_id=1971"},"modified":"2019-04-30T01:36:19","modified_gmt":"2019-04-30T04:36:19","slug":"horarios-es-2018-1","status":"publish","type":"page","link":"https:\/\/cursos.unipampa.edu.br\/cursos\/engenhariadesoftware\/?page_id=1971","title":{"rendered":"Hor\u00e1rios ES 2019\/01"},"content":{"rendered":"<table id=\"61\" class=\"page\" style=\"width: 338px\">\n<tbody>\n<tr class=\"zero\">\n<td style=\"width: 48px\"><label><a name=\"E53\"><\/a>ES01<\/label><\/td>\n<td style=\"width: 60px\">Segunda<\/td>\n<td style=\"width: 39px\">Ter\u00e7a<\/td>\n<td style=\"width: 51px\">Quarta<\/td>\n<td style=\"width: 49px\">Quinta<\/td>\n<td style=\"width: 39px\">Sexta<\/td>\n<td style=\"width: 52px\">S\u00e1bado<\/td>\n<\/tr>\n<tr class=\"one\">\n<td class=\"zero\" style=\"width: 48px\">18:30<\/td>\n<td style=\"width: 60px\"><label>Algoritmos e Programa\u00e7\u00e3o &#8211; Es (Ppc 2018), T10, Amanda Meincke Melo, 304<\/label><\/td>\n<td style=\"width: 39px\"><label>Resolu\u00e7\u00e3o de Problemas I &#8211; Es (Ppc 2018), T10, Maicon Bernardino, Lab5<\/label><\/td>\n<td style=\"width: 51px\"><label>Matem\u00e1tica Discreta &#8211; Es (Ppc 2018), T10, Alessandro Girardi, 304<\/label><\/td>\n<td style=\"width: 49px\"><label>Algoritmos e Programa\u00e7\u00e3o &#8211; Es (Ppc 2018), T10, Amanda Melo, 304<\/label><\/td>\n<td style=\"width: 39px\"><label>Matem\u00e1tica Discreta &#8211; Es (Ppc 2018), T10, Alessandro Girardi, 304<\/label><\/td>\n<td style=\"width: 52px\"><\/td>\n<\/tr>\n<tr class=\"two\">\n<td class=\"zero\" style=\"width: 48px\">19:30<\/td>\n<td style=\"width: 60px\"><label>Algoritmos e Programa\u00e7\u00e3o &#8211; Es (Ppc 2018), T10, Amanda Melo, 304<\/label><\/td>\n<td style=\"width: 39px\"><label>Resolu\u00e7\u00e3o de Problemas I &#8211; Es (Ppc 2018), T10, Maicon Bernardino, Lab5<\/label><\/td>\n<td style=\"width: 51px\"><label>Matem\u00e1tica Discreta &#8211; Es (Ppc 2018), T10, Alessandro Girardi, 304<\/label><\/td>\n<td style=\"width: 49px\"><label>Algoritmos e Programa\u00e7\u00e3o &#8211; Es (Ppc 2018), T10, Amanda Melo, 304<\/label><\/td>\n<td style=\"width: 39px\"><label>Matem\u00e1tica Discreta &#8211; Es (Ppc 2018), T10, Alessandro Girardi, 304<\/label><\/td>\n<td style=\"width: 52px\"><\/td>\n<\/tr>\n<tr class=\"one\">\n<td class=\"zero\" style=\"width: 48px\">20:30<\/td>\n<td style=\"width: 60px\"><label>Algoritmos e Programa\u00e7\u00e3o &#8211; Es (Ppc 2018), T10, Amanda Melo, 304<\/label><\/td>\n<td style=\"width: 39px\"><label>Resolu\u00e7\u00e3o de Problemas I &#8211; Es (Ppc 2018), T10, Andr\u00e9a Bordin, Lab5<\/label><\/td>\n<td style=\"width: 51px\"><label>L\u00f3gica Matem\u00e1tica &#8211; Es (Ppc 2018), T10, Alice Finger, 304<\/label><\/td>\n<td style=\"width: 49px\"><label>Algoritmos e Programa\u00e7\u00e3o &#8211; Es (Ppc 2018), T10, Amanda Melo, 304<\/label><\/td>\n<td style=\"width: 39px\"><label>L\u00f3gica Matem\u00e1tica &#8211; Es (Ppc 2018), T10, Alice Finger, 304<\/label><\/td>\n<td style=\"width: 52px\"><\/td>\n<\/tr>\n<tr class=\"two\">\n<td class=\"zero\" style=\"width: 48px\">21:30<\/td>\n<td style=\"width: 60px\"><label>Algoritmos e Programa\u00e7\u00e3o &#8211; Es (Ppc 2018), T10, Amanda Melo, 304<\/label><\/td>\n<td style=\"width: 39px\"><label>Resolu\u00e7\u00e3o de Problemas I &#8211; Es (Ppc 2018), T10, Andr\u00e9a Bordin, Lab5<\/label><\/td>\n<td style=\"width: 51px\"><label>L\u00f3gica Matem\u00e1tica &#8211; Es (Ppc 2018), T10, Alice Finger, 304<\/label><\/td>\n<td style=\"width: 49px\"><label>Algoritmos e Programa\u00e7\u00e3o &#8211; Es (Ppc 2018), T10, Amanda Melo, 304<\/label><\/td>\n<td style=\"width: 39px\"><label>L\u00f3gica Matem\u00e1tica &#8211; Es (Ppc 2018), T10, Alice Finger, 304<\/label><\/td>\n<td style=\"width: 52px\"><\/td>\n<\/tr>\n<\/tbody>\n<\/table>\n<p>&nbsp;<\/p>\n<table id=\"62\" class=\"page\" style=\"width: 599px;height: 778px\">\n<tbody>\n<tr class=\"zero\" style=\"height: 48px\">\n<td style=\"width: 42px;height: 48px\"><label><a name=\"E54\"><\/a>ES03<\/label><\/td>\n<td style=\"width: 91px;height: 48px\">Segunda<\/td>\n<td style=\"width: 79px;height: 48px\">Ter\u00e7a<\/td>\n<td style=\"width: 97px;height: 48px\">Quarta<\/td>\n<td style=\"width: 87px;height: 48px\">Quinta<\/td>\n<td style=\"width: 105px;height: 48px\">Sexta<\/td>\n<td style=\"width: 52px;height: 48px\">S\u00e1bado<\/td>\n<\/tr>\n<tr class=\"one\" style=\"height: 192px\">\n<td class=\"zero\" style=\"width: 42px;height: 192px\">18:30<\/td>\n<td style=\"width: 91px;height: 192px\"><label>An\u00e1lise e Projeto de Software (Ppc 2018), T10, Joao Pablo Silva da Silva, 209<\/label><\/td>\n<td style=\"width: 79px;height: 192px\"><label>Resolu\u00e7\u00e3o de Problemas III &#8211; Es (Ppc 2018), T10, Diego Luis Kreutz, Lab4<\/label><\/td>\n<td style=\"width: 97px;height: 192px\"><label>Estruturas de Dados &#8211; Es (Ppc 2018), T10, Aline Mello, Lab3<\/label><\/td>\n<td style=\"width: 87px;height: 192px\"><label>Inova\u00e7\u00e3o e Criatividade (Ppc 2018), T10, Cristiano Tolfo, 209<\/label><\/td>\n<td style=\"width: 105px;height: 192px\"><label>Linguagens Formais &#8211; Es (Ppc 2018), T10, Let\u00edcia Gindri, 209<\/label><\/td>\n<td style=\"width: 52px;height: 192px\"><\/td>\n<\/tr>\n<tr class=\"two\" style=\"height: 192px\">\n<td class=\"zero\" style=\"width: 42px;height: 192px\">19:30<\/td>\n<td style=\"width: 91px;height: 192px\"><label>An\u00e1lise e Projeto de Software (Ppc 2018), T10, Joao Pablo Silva da Silva, 209<\/label><\/td>\n<td style=\"width: 79px;height: 192px\"><label>Resolu\u00e7\u00e3o de Problemas III &#8211; Es (Ppc 2018), T10, Diego Luis Kreutz, Lab4<\/label><\/td>\n<td style=\"width: 97px;height: 192px\"><label>Estruturas de Dados &#8211; Es (Ppc 2018), T10, Aline Mello, Lab3<\/label><\/td>\n<td style=\"width: 87px;height: 192px\"><label>Inova\u00e7\u00e3o e Criatividade (Ppc 2018), T10, Cristiano Tolfo, 209<\/label><\/td>\n<td style=\"width: 105px;height: 192px\"><label>Linguagens Formais &#8211; Es (Ppc 2018), T10, Let\u00edcia Gindri, 209<\/label><\/td>\n<td style=\"width: 52px;height: 192px\"><\/td>\n<\/tr>\n<tr class=\"one\" style=\"height: 216px\">\n<td class=\"zero\" style=\"width: 42px;height: 216px\">20:30<\/td>\n<td style=\"width: 91px;height: 216px\"><label>Estruturas de Dados &#8211; Es (Ppc 2018), T10, Aline\u00a0 Mello, Lab3<\/label><\/td>\n<td style=\"width: 79px;height: 216px\"><label>Resolu\u00e7\u00e3o de Problemas III &#8211; Es (Ppc 2018), T10, Joao Pablo Silva da Silva, Lab4<\/label><\/td>\n<td style=\"width: 97px;height: 216px\"><label>Linguagens Formais &#8211; Es (Ppc 2018), T10, Let\u00edcia Gindri, 209<\/label><\/td>\n<td style=\"width: 87px;height: 216px\"><label>An\u00e1lise e Projeto de Software (Ppc 2018), T10, Joao Pablo Silva da Silva, Lab4<\/label><\/td>\n<td style=\"width: 105px;height: 216px\"><label>Arquitetura e Organiza\u00e7\u00e3o de Computadores &#8211; Es (Ppc 2018), T10, Alessandro Girardi, 312<\/label><\/td>\n<td style=\"width: 52px;height: 216px\"><\/td>\n<\/tr>\n<tr class=\"two\" style=\"height: 130px\">\n<td class=\"zero\" style=\"width: 42px;height: 130px\">21:30<\/td>\n<td style=\"width: 91px;height: 130px\"><label>Estruturas de Dados &#8211; Es (Ppc 2018), T10, Aline\u00a0 Mello, Lab3<\/label><\/td>\n<td style=\"width: 79px;height: 130px\"><label>Resolu\u00e7\u00e3o de Problemas III &#8211; Es (Ppc 2018), T10, Joao Pablo Silva da Silva, Lab4<\/label><\/td>\n<td style=\"width: 97px;height: 130px\"><label>Linguagens Formais &#8211; Es (Ppc 2018), T10, Let\u00edcia Gindri, 209<\/label><\/td>\n<td style=\"width: 87px;height: 130px\"><label>An\u00e1lise e Projeto de Software (Ppc 2018), T10, Joao Pablo Silva da Silva, Lab4<\/label><\/td>\n<td style=\"width: 105px;height: 130px\"><label>Arquitetura e Organiza\u00e7\u00e3o de Computadores &#8211; Es (Ppc 2018), T10, Alessandro Girardi, 312<\/label><\/td>\n<td style=\"width: 52px;height: 130px\"><\/td>\n<\/tr>\n<\/tbody>\n<\/table>\n<p>&nbsp;<\/p>\n<table id=\"63\" class=\"page\" style=\"width: 338px\">\n<tbody>\n<tr class=\"zero\">\n<td style=\"width: 48px\"><label><a name=\"E55\"><\/a>ES05<\/label><\/td>\n<td style=\"width: 60px\">Segunda<\/td>\n<td style=\"width: 39px\">Ter\u00e7a<\/td>\n<td style=\"width: 51px\">Quarta<\/td>\n<td style=\"width: 49px\">Quinta<\/td>\n<td style=\"width: 39px\">Sexta<\/td>\n<td style=\"width: 52px\">S\u00e1bado<\/td>\n<\/tr>\n<tr class=\"one\">\n<td class=\"zero\" style=\"width: 48px\">08:30<\/td>\n<td style=\"width: 60px\"><\/td>\n<td style=\"width: 39px\"><\/td>\n<td style=\"width: 51px\"><\/td>\n<td style=\"width: 49px\"><\/td>\n<td style=\"width: 39px\"><\/td>\n<td style=\"width: 52px\"><label>Cccg &#8211; Metodologia de Pesquisa Cient\u00edfica, T10;T70, Cristiano Tolfo, Lab3<\/label><label>Cccg &#8211; Pr\u00e1ticas em Programa\u00e7\u00e3o, T10;T70, Jean Felipe Patikowski Cheiran, Lab5<\/label><\/td>\n<\/tr>\n<tr class=\"two\">\n<td class=\"zero\" style=\"width: 48px\">09:30<\/td>\n<td style=\"width: 60px\"><\/td>\n<td style=\"width: 39px\"><\/td>\n<td style=\"width: 51px\"><\/td>\n<td style=\"width: 49px\"><\/td>\n<td style=\"width: 39px\"><\/td>\n<td style=\"width: 52px\"><label>Cccg &#8211; Metodologia de Pesquisa Cient\u00edfica, T10;T70, Cristiano Tolfo, Lab3<\/label><label>Cccg &#8211; Pr\u00e1ticas em Programa\u00e7\u00e3o, T10;T70, Jean Felipe Patikowski Cheiran, Lab5<\/label><\/td>\n<\/tr>\n<tr class=\"one\">\n<td class=\"zero\" style=\"width: 48px\">10:30<\/td>\n<td style=\"width: 60px\"><\/td>\n<td style=\"width: 39px\"><\/td>\n<td style=\"width: 51px\"><\/td>\n<td style=\"width: 49px\"><\/td>\n<td style=\"width: 39px\"><\/td>\n<td style=\"width: 52px\"><label>Cccg &#8211; Metodologia de Pesquisa Cient\u00edfica, T10;T70, Cristiano Tolfo, Lab3<\/label><label>Cccg &#8211; Pr\u00e1ticas em Programa\u00e7\u00e3o, T10;T70, Jean Cheiran, Lab5<\/label><\/td>\n<\/tr>\n<tr class=\"two\">\n<td class=\"zero\" style=\"width: 48px\">11:30<\/td>\n<td style=\"width: 60px\"><\/td>\n<td style=\"width: 39px\"><\/td>\n<td style=\"width: 51px\"><\/td>\n<td style=\"width: 49px\"><\/td>\n<td style=\"width: 39px\"><\/td>\n<td style=\"width: 52px\"><label>Cccg &#8211; Metodologia de Pesquisa Cient\u00edfica, T10;T70, Cristiano Tolfo, Lab3<\/label><label>Cccg &#8211; Pr\u00e1ticas em Programa\u00e7\u00e3o, T10;T70, Jean Cheiran, Lab5<\/label><\/td>\n<\/tr>\n<tr class=\"one\">\n<td class=\"zero\" style=\"width: 48px\">12:30<\/td>\n<td style=\"width: 60px\"><\/td>\n<td style=\"width: 39px\"><\/td>\n<td style=\"width: 51px\"><\/td>\n<td style=\"width: 49px\"><\/td>\n<td style=\"width: 39px\"><\/td>\n<td style=\"width: 52px\"><\/td>\n<\/tr>\n<tr class=\"two\">\n<td class=\"zero\" style=\"width: 48px\">13:30<\/td>\n<td style=\"width: 60px\"><\/td>\n<td style=\"width: 39px\"><\/td>\n<td style=\"width: 51px\"><\/td>\n<td style=\"width: 49px\"><\/td>\n<td style=\"width: 39px\"><\/td>\n<td style=\"width: 52px\"><\/td>\n<\/tr>\n<tr class=\"one\">\n<td class=\"zero\" style=\"width: 48px\">14:30<\/td>\n<td style=\"width: 60px\"><\/td>\n<td style=\"width: 39px\"><\/td>\n<td style=\"width: 51px\"><\/td>\n<td style=\"width: 49px\"><\/td>\n<td style=\"width: 39px\"><\/td>\n<td style=\"width: 52px\"><\/td>\n<\/tr>\n<tr class=\"two\">\n<td class=\"zero\" style=\"width: 48px\">15:30<\/td>\n<td style=\"width: 60px\"><\/td>\n<td style=\"width: 39px\"><\/td>\n<td style=\"width: 51px\"><\/td>\n<td style=\"width: 49px\"><\/td>\n<td style=\"width: 39px\"><\/td>\n<td style=\"width: 52px\"><\/td>\n<\/tr>\n<tr class=\"one\">\n<td class=\"zero\" style=\"width: 48px\">16:30<\/td>\n<td style=\"width: 60px\"><\/td>\n<td style=\"width: 39px\"><\/td>\n<td style=\"width: 51px\"><\/td>\n<td style=\"width: 49px\"><\/td>\n<td style=\"width: 39px\"><\/td>\n<td style=\"width: 52px\"><\/td>\n<\/tr>\n<tr class=\"two\">\n<td class=\"zero\" style=\"width: 48px\">17:30<\/td>\n<td style=\"width: 60px\"><\/td>\n<td style=\"width: 39px\"><\/td>\n<td style=\"width: 51px\"><\/td>\n<td style=\"width: 49px\"><\/td>\n<td style=\"width: 39px\"><\/td>\n<td style=\"width: 52px\"><\/td>\n<\/tr>\n<tr class=\"one\">\n<td class=\"zero\" style=\"width: 48px\">18:30<\/td>\n<td style=\"width: 60px\"><label>Qualidade de Software, T10, Sam Devincenzi, 305<\/label><\/td>\n<td style=\"width: 39px\"><label>Resolu\u00e7\u00e3o de Problemas V, T10, Sam Devincenzi, Lab3<\/label><\/td>\n<td style=\"width: 51px\"><label>Redes e Sistemas Distribu\u00eddos, T10, Rodrigo Mansilha, 305<\/label><\/td>\n<td style=\"width: 49px\"><label>Resolu\u00e7\u00e3o de Problemas V, T10, Gilleanes\u00a0 Guedes, Lab3<\/label><\/td>\n<td style=\"width: 39px\"><label>Cccg &#8211; Desenvolvimento de Qualquer Coisa Como Servi\u00e7o, T10;T70, Fabio Basso, Lab3<\/label><label>Cccg &#8211; Introdu\u00e7\u00e3o \u00c0 An\u00e1lise de Dados, T10;T70, Andr\u00e9a Bordin, Lab2<\/label><\/td>\n<td style=\"width: 52px\"><\/td>\n<\/tr>\n<tr class=\"two\">\n<td class=\"zero\" style=\"width: 48px\">19:30<\/td>\n<td style=\"width: 60px\"><label>Qualidade de Software, T10, Sam Devincenzi, 305<\/label><\/td>\n<td style=\"width: 39px\"><label>Resolu\u00e7\u00e3o de Problemas V, T10, Sam\u00a0 Devincenzi, Lab3<\/label><\/td>\n<td style=\"width: 51px\"><label>Redes e Sistemas Distribu\u00eddos, T10, Rodrigo Mansilha, 305<\/label><\/td>\n<td style=\"width: 49px\"><label>Resolu\u00e7\u00e3o de Problemas V, T10, Gilleanes Guedes, Lab3<\/label><\/td>\n<td style=\"width: 39px\"><label>Cccg &#8211; Desenvolvimento de Qualquer Coisa Como Servi\u00e7o, T10;T70, Fabio Basso, Lab3<\/label><label>Cccg &#8211; Introdu\u00e7\u00e3o \u00c0 An\u00e1lise de Dados, T10;T70, Andr\u00e9a Bordin, Lab2<\/label><\/td>\n<td style=\"width: 52px\"><\/td>\n<\/tr>\n<tr class=\"one\">\n<td class=\"zero\" style=\"width: 48px\">20:30<\/td>\n<td style=\"width: 60px\"><label>Processo de Software, T10, Joao Pablo Silva da Silva, 305<\/label><\/td>\n<td style=\"width: 39px\"><label>Resolu\u00e7\u00e3o de Problemas V, T10, Sam da S. Devincenzi, Lab3<\/label><\/td>\n<td style=\"width: 51px\"><label>Cccg &#8211; Desenvolvimento de Qualquer Coisa Como Servi\u00e7o, T10;T70, Fabio Basso, Lab3<\/label><label>Cccg &#8211; Introdu\u00e7\u00e3o \u00c0 An\u00e1lise de Dados, T10;T70, Andr\u00e9a Bordin, 305<\/label><\/td>\n<td style=\"width: 49px\"><label>Resolu\u00e7\u00e3o de Problemas V, T10, Gilleanes Guedes, Lab3<\/label><\/td>\n<td style=\"width: 39px\"><label>Redes e Sistemas Distribu\u00eddos, T10, Rodrigo Mansilha, Lab2<\/label><\/td>\n<td style=\"width: 52px\"><\/td>\n<\/tr>\n<tr class=\"two\">\n<td class=\"zero\" style=\"width: 48px\">21:30<\/td>\n<td style=\"width: 60px\"><label>Processo de Software, T10, Joao Pablo Silva da Silva, 305<\/label><\/td>\n<td style=\"width: 39px\"><label>Resolu\u00e7\u00e3o de Problemas V, T10, Sam da S. Devincenzi, Lab3<\/label><\/td>\n<td style=\"width: 51px\"><label>Cccg &#8211; Desenvolvimento de Qualquer Coisa Como Servi\u00e7o, T10;T70, Fabio Basso, Lab3<\/label><label>Cccg &#8211; Introdu\u00e7\u00e3o \u00c0 An\u00e1lise de Dados, T10;T70, Andr\u00e9a Bordin, 305<\/label><\/td>\n<td style=\"width: 49px\"><label>Resolu\u00e7\u00e3o de Problemas V, T10, Gilleanes Guedes, Lab3<\/label><\/td>\n<td style=\"width: 39px\"><label>Redes e Sistemas Distribu\u00eddos, T10, Rodrigo Mansilha, Lab2<\/label><\/td>\n<td style=\"width: 52px\"><\/td>\n<\/tr>\n<\/tbody>\n<\/table>\n<p>&nbsp;<\/p>\n<table id=\"64\" class=\"page\" style=\"width: 338px\">\n<tbody>\n<tr class=\"zero\">\n<td style=\"width: 48px\"><label><a name=\"E56\"><\/a>ES07<\/label><\/td>\n<td style=\"width: 60px\">Segunda<\/td>\n<td style=\"width: 39px\">Ter\u00e7a<\/td>\n<td style=\"width: 51px\">Quarta<\/td>\n<td style=\"width: 49px\">Quinta<\/td>\n<td style=\"width: 39px\">Sexta<\/td>\n<td style=\"width: 52px\">S\u00e1bado<\/td>\n<\/tr>\n<tr class=\"two\">\n<td class=\"zero\" style=\"width: 48px\">13:30<\/td>\n<td style=\"width: 60px\"><\/td>\n<td style=\"width: 39px\"><\/td>\n<td style=\"width: 51px\"><\/td>\n<td style=\"width: 49px\"><\/td>\n<td style=\"width: 39px\"><\/td>\n<td style=\"width: 52px\"><label>Trabalho de Conclus\u00e3o de Curso I, T10, Gilleanes Guedes, Sem Sala<\/label><\/td>\n<\/tr>\n<tr class=\"one\">\n<td class=\"zero\" style=\"width: 48px\">14:30<\/td>\n<td style=\"width: 60px\"><\/td>\n<td style=\"width: 39px\"><\/td>\n<td style=\"width: 51px\"><\/td>\n<td style=\"width: 49px\"><\/td>\n<td style=\"width: 39px\"><\/td>\n<td style=\"width: 52px\"><label>Trabalho de Conclus\u00e3o de Curso II, T10, Gilleanes Guedes, Sem Sala<\/label><\/td>\n<\/tr>\n<tr class=\"two\">\n<td class=\"zero\" style=\"width: 48px\">15:30<\/td>\n<td style=\"width: 60px\"><\/td>\n<td style=\"width: 39px\"><\/td>\n<td style=\"width: 51px\"><\/td>\n<td style=\"width: 49px\"><\/td>\n<td style=\"width: 39px\"><\/td>\n<td style=\"width: 52px\"><label>Est\u00e1gio Obrigat\u00f3rio, T10, Gilleanes Guedes, Sem Sala<\/label><\/td>\n<\/tr>\n<tr class=\"one\">\n<td class=\"zero\" style=\"width: 48px\">16:30<\/td>\n<td style=\"width: 60px\"><\/td>\n<td style=\"width: 39px\"><\/td>\n<td style=\"width: 51px\"><\/td>\n<td style=\"width: 49px\"><\/td>\n<td style=\"width: 39px\"><\/td>\n<td style=\"width: 52px\"><\/td>\n<\/tr>\n<tr class=\"two\">\n<td class=\"zero\" style=\"width: 48px\">17:30<\/td>\n<td style=\"width: 60px\"><\/td>\n<td style=\"width: 39px\"><\/td>\n<td style=\"width: 51px\"><\/td>\n<td style=\"width: 49px\"><\/td>\n<td style=\"width: 39px\"><\/td>\n<td style=\"width: 52px\"><\/td>\n<\/tr>\n<tr class=\"one\">\n<td class=\"zero\" style=\"width: 48px\">18:30<\/td>\n<td style=\"width: 60px\"><label>Semin\u00e1rio em Engenharia de Software, T10, Elder Rodrigues, 312<\/label><\/td>\n<td style=\"width: 39px\"><\/td>\n<td style=\"width: 51px\"><label>Cccg &#8211; Aprendizado de M\u00e1quina, T10;T70, Marcelo Thielo, Lab4<\/label><label>Cccg &#8211; T\u00f3picos em Ataques e Defesa de Sistemas, T10;T70, Diego Luis Kreutz, Lab5<\/label><\/td>\n<td style=\"width: 49px\"><\/td>\n<td style=\"width: 39px\"><label>Administra\u00e7\u00e3o e Empreendedorismo, T10;T70, Cristiano Tolfo, 305<\/label><\/td>\n<td style=\"width: 52px\"><\/td>\n<\/tr>\n<tr class=\"two\">\n<td class=\"zero\" style=\"width: 48px\">19:30<\/td>\n<td style=\"width: 60px\"><label>Semin\u00e1rio em Engenharia de Software, T10, Elder\u00a0 Rodrigues, 312<\/label><\/td>\n<td style=\"width: 39px\"><\/td>\n<td style=\"width: 51px\"><label>Cccg &#8211; Aprendizado de M\u00e1quina, T10;T70, Marcelo Thielo, Lab4<\/label><label>Cccg &#8211; T\u00f3picos em Ataques e Defesa de Sistemas, T10;T70, Diego Luis Kreutz, Lab5<\/label><\/td>\n<td style=\"width: 49px\"><\/td>\n<td style=\"width: 39px\"><label>Administra\u00e7\u00e3o e Empreendedorismo, T10;T70, Cristiano Tolfo, 305<\/label><\/td>\n<td style=\"width: 52px\"><\/td>\n<\/tr>\n<tr class=\"one\">\n<td class=\"zero\" style=\"width: 48px\">20:30<\/td>\n<td style=\"width: 60px\"><label>Cccg &#8211; Aprendizado de M\u00e1quina, T10;T70, Marcelo Thielo, Lab4<\/label><label>Cccg &#8211; T\u00f3picos de Resolu\u00e7\u00e3o de Problemas em Sistemas Unix\/linux I, T10;T70, Diego Luis Kreutz, Lab5<\/label><\/td>\n<td style=\"width: 39px\"><\/td>\n<td style=\"width: 51px\"><label>Semin\u00e1rio em Engenharia de Software, T10, Elder\u00a0 Rodrigues, Lab2<\/label><\/td>\n<td style=\"width: 49px\"><label>Administra\u00e7\u00e3o e Empreendedorismo, T10;T70, Cristiano Tolfo, 305<\/label><\/td>\n<td style=\"width: 39px\"><\/td>\n<td style=\"width: 52px\"><\/td>\n<\/tr>\n<tr class=\"two\">\n<td class=\"zero\" style=\"width: 48px\">21:30<\/td>\n<td style=\"width: 60px\"><label>Cccg &#8211; Aprendizado de M\u00e1quina, T10;T70, Marcelo Thielo, Lab4<\/label><label>Cccg &#8211; T\u00f3picos de Resolu\u00e7\u00e3o de Problemas em Sistemas Unix\/linux I, T10;T70, Diego Luis Kreutz, Lab5<\/label><\/td>\n<td style=\"width: 39px\"><\/td>\n<td style=\"width: 51px\"><label>Semin\u00e1rio em Engenharia de Software, T10, Elder\u00a0 Rodrigues, Lab2<\/label><\/td>\n<td style=\"width: 49px\"><label>Administra\u00e7\u00e3o e Empreendedorismo, T10;T70, Cristiano Tolfo, 305<\/label><\/td>\n<td style=\"width: 39px\"><\/td>\n<td style=\"width: 52px\"><\/td>\n<\/tr>\n<\/tbody>\n<\/table>\n","protected":false},"excerpt":{"rendered":"<p>ES01 Segunda Ter\u00e7a Quarta Quinta Sexta S\u00e1bado 18:30 Algoritmos e Programa\u00e7\u00e3o &#8211; Es (Ppc 2018), T10, Amanda Meincke Melo, 304 Resolu\u00e7\u00e3o de Problemas I &#8211; Es (Ppc 2018), T10, Maicon Bernardino, Lab5 Matem\u00e1tica Discreta &#8211; Es (Ppc 2018), T10, Alessandro Girardi, 304 Algoritmos e Programa\u00e7\u00e3o &#8211; Es (Ppc 2018), T10, Amanda Melo, 304 Matem\u00e1tica Discreta &hellip; <a href=\"https:\/\/cursos.unipampa.edu.br\/cursos\/engenhariadesoftware\/?page_id=1971\" class=\"more-link\">Continue lendo <span class=\"screen-reader-text\">Hor\u00e1rios ES 2019\/01<\/span> <span class=\"meta-nav\">&rarr;<\/span><\/a><\/p>\n","protected":false},"author":181,"featured_media":0,"parent":0,"menu_order":0,"comment_status":"closed","ping_status":"closed","template":"","meta":[],"_links":{"self":[{"href":"https:\/\/cursos.unipampa.edu.br\/cursos\/engenhariadesoftware\/index.php?rest_route=\/wp\/v2\/pages\/1971"}],"collection":[{"href":"https:\/\/cursos.unipampa.edu.br\/cursos\/engenhariadesoftware\/index.php?rest_route=\/wp\/v2\/pages"}],"about":[{"href":"https:\/\/cursos.unipampa.edu.br\/cursos\/engenhariadesoftware\/index.php?rest_route=\/wp\/v2\/types\/page"}],"author":[{"embeddable":true,"href":"https:\/\/cursos.unipampa.edu.br\/cursos\/engenhariadesoftware\/index.php?rest_route=\/wp\/v2\/users\/181"}],"replies":[{"embeddable":true,"href":"https:\/\/cursos.unipampa.edu.br\/cursos\/engenhariadesoftware\/index.php?rest_route=%2Fwp%2Fv2%2Fcomments&post=1971"}],"version-history":[{"count":8,"href":"https:\/\/cursos.unipampa.edu.br\/cursos\/engenhariadesoftware\/index.php?rest_route=\/wp\/v2\/pages\/1971\/revisions"}],"predecessor-version":[{"id":2184,"href":"https:\/\/cursos.unipampa.edu.br\/cursos\/engenhariadesoftware\/index.php?rest_route=\/wp\/v2\/pages\/1971\/revisions\/2184"}],"wp:attachment":[{"href":"https:\/\/cursos.unipampa.edu.br\/cursos\/engenhariadesoftware\/index.php?rest_route=%2Fwp%2Fv2%2Fmedia&parent=1971"}],"curies":[{"name":"wp","href":"https:\/\/api.w.org\/{rel}","templated":true}]}}