
{"id":1954,"date":"2018-02-21T12:00:34","date_gmt":"2018-02-21T15:00:34","guid":{"rendered":"http:\/\/cursos.unipampa.edu.br\/cursos\/engenhariadesoftware\/?page_id=1954"},"modified":"2019-09-17T03:06:42","modified_gmt":"2019-09-17T06:06:42","slug":"metodologia","status":"publish","type":"page","link":"https:\/\/cursos.unipampa.edu.br\/cursos\/engenhariadesoftware\/?page_id=1954","title":{"rendered":"Metodologia"},"content":{"rendered":"<p style=\"text-align: justify\">Um dos diferenciais do Curso de Engenharia de Software \u00e9 exist\u00eancia de um eixo metodol\u00f3gico guiado pela Aprendizagem Baseada em Problemas (ABP).\u00a0Tal estrat\u00e9gia, desenvolve as compet\u00eancias e habilidades a partir de problemas reais, melhorando a rela\u00e7\u00e3o entre teoria e pr\u00e1tica e tornando os estudantes protagonistas no processo de aprendizagem.\u00a0O Curso tem o eixo metodol\u00f3gico guiado por ABP desde sua cria\u00e7\u00e3o em 2010, e o mant\u00e9m por observar os impactos ben\u00e9ficos causados na forma\u00e7\u00e3o dos egressos.<\/p>\n<p style=\"text-align: justify\">Aprendizagem Baseada em Problemas (ABP) \u00e9 uma abordagem construtivista de ensino-aprendizagem que explora problemas de diversos tipos, permitindo o desenvolvimento do racioc\u00ednio l\u00f3gico, da criatividade, o aumento da motiva\u00e7\u00e3o e da interpreta\u00e7\u00e3o de textos pelo discente quando da resolu\u00e7\u00e3o do problema .<\/p>\n<p style=\"text-align: justify\">A figura a seguir mostra os principais elementos envolvidos na ABP. O problema a ser resolvido \u00e9 o gatilho para o processo de aprendizagem.\u00a0O conhecimento representa o que \u00e9 necess\u00e1rio saber para encontrar uma solu\u00e7\u00e3o vi\u00e1vel para o problema. O discente \u00e9 aut\u00f4nomo e respons\u00e1vel pela constru\u00e7\u00e3o dos conhecimentos necess\u00e1rios para resolver o problema.\u00a0O tutor atua como facilitador no processo de aprendizagem.<\/p>\n<p style=\"text-align: justify\"><a href=\"http:\/\/cursos.unipampa.edu.br\/cursos\/engenhariadesoftware\/files\/2018\/02\/elementospbl.png\"><img decoding=\"async\" loading=\"lazy\" class=\"aligncenter wp-image-1955 size-medium\" src=\"http:\/\/cursos.unipampa.edu.br\/cursos\/engenhariadesoftware\/files\/2018\/02\/elementospbl-300x264.png\" alt=\"\" width=\"300\" height=\"264\" srcset=\"https:\/\/cursos.unipampa.edu.br\/cursos\/engenhariadesoftware\/files\/2018\/02\/elementospbl-300x264.png 300w, https:\/\/cursos.unipampa.edu.br\/cursos\/engenhariadesoftware\/files\/2018\/02\/elementospbl-768x675.png 768w, https:\/\/cursos.unipampa.edu.br\/cursos\/engenhariadesoftware\/files\/2018\/02\/elementospbl-1024x900.png 1024w, https:\/\/cursos.unipampa.edu.br\/cursos\/engenhariadesoftware\/files\/2018\/02\/elementospbl.png 1155w\" sizes=\"(max-width: 300px) 100vw, 300px\" \/><\/a><\/p>\n<p style=\"text-align: justify\">As defini\u00e7\u00f5es operacionais sobre pap\u00e9is e responsabilidades, m\u00e9todos de avalia\u00e7\u00e3o e caracteriza\u00e7\u00e3o dos problemas a serem resolvidos s\u00e3o definidos em documento espec\u00edfico.\u00a0Veja os links abaixo:<\/p>\n<ul>\n<li style=\"text-align: justify\"><a href=\"http:\/\/cursos.unipampa.edu.br\/cursos\/engenhariadesoftware\/files\/2018\/02\/normasrp-v2018.pdf\">Normas para Resolu\u00e7\u00e3o de Problemas &#8211; Vers\u00e3o 2018<\/a><\/li>\n<li style=\"text-align: justify\"><a href=\"http:\/\/cursos.unipampa.edu.br\/cursos\/engenhariadesoftware\/files\/2018\/02\/normasrp-v2010.pdf\">Normas para Resolu\u00e7\u00e3o de Problemas &#8211; Vers\u00e3o 2010<\/a><\/li>\n<\/ul>\n","protected":false},"excerpt":{"rendered":"<p>Um dos diferenciais do Curso de Engenharia de Software \u00e9 exist\u00eancia de um eixo metodol\u00f3gico guiado pela Aprendizagem Baseada em Problemas (ABP).\u00a0Tal estrat\u00e9gia, desenvolve as compet\u00eancias e habilidades a partir de problemas reais, melhorando a rela\u00e7\u00e3o entre teoria e pr\u00e1tica e tornando os estudantes protagonistas no processo de aprendizagem.\u00a0O Curso tem o eixo metodol\u00f3gico guiado &hellip; <a href=\"https:\/\/cursos.unipampa.edu.br\/cursos\/engenhariadesoftware\/?page_id=1954\" class=\"more-link\">Continue lendo <span class=\"screen-reader-text\">Metodologia<\/span> <span class=\"meta-nav\">&rarr;<\/span><\/a><\/p>\n","protected":false},"author":181,"featured_media":0,"parent":0,"menu_order":0,"comment_status":"closed","ping_status":"closed","template":"","meta":[],"_links":{"self":[{"href":"https:\/\/cursos.unipampa.edu.br\/cursos\/engenhariadesoftware\/index.php?rest_route=\/wp\/v2\/pages\/1954"}],"collection":[{"href":"https:\/\/cursos.unipampa.edu.br\/cursos\/engenhariadesoftware\/index.php?rest_route=\/wp\/v2\/pages"}],"about":[{"href":"https:\/\/cursos.unipampa.edu.br\/cursos\/engenhariadesoftware\/index.php?rest_route=\/wp\/v2\/types\/page"}],"author":[{"embeddable":true,"href":"https:\/\/cursos.unipampa.edu.br\/cursos\/engenhariadesoftware\/index.php?rest_route=\/wp\/v2\/users\/181"}],"replies":[{"embeddable":true,"href":"https:\/\/cursos.unipampa.edu.br\/cursos\/engenhariadesoftware\/index.php?rest_route=%2Fwp%2Fv2%2Fcomments&post=1954"}],"version-history":[{"count":5,"href":"https:\/\/cursos.unipampa.edu.br\/cursos\/engenhariadesoftware\/index.php?rest_route=\/wp\/v2\/pages\/1954\/revisions"}],"predecessor-version":[{"id":2406,"href":"https:\/\/cursos.unipampa.edu.br\/cursos\/engenhariadesoftware\/index.php?rest_route=\/wp\/v2\/pages\/1954\/revisions\/2406"}],"wp:attachment":[{"href":"https:\/\/cursos.unipampa.edu.br\/cursos\/engenhariadesoftware\/index.php?rest_route=%2Fwp%2Fv2%2Fmedia&parent=1954"}],"curies":[{"name":"wp","href":"https:\/\/api.w.org\/{rel}","templated":true}]}}