
{"id":18,"date":"2010-05-29T01:29:22","date_gmt":"2010-05-29T04:29:22","guid":{"rendered":"http:\/\/cursos.unipampa.edu.br\/cursos\/engenhariadesoftware\/curriculo\/"},"modified":"2025-05-31T22:01:06","modified_gmt":"2025-06-01T01:01:06","slug":"curriculo","status":"publish","type":"page","link":"https:\/\/cursos.unipampa.edu.br\/cursos\/engenhariadesoftware\/?page_id=18","title":{"rendered":"Matriz Curricular"},"content":{"rendered":"<h6>Vers\u00e3o 2025 (Vers\u00e3o Atualizada de 2018 &#8211; a partir de 2025\/2)<\/h6>\n<ul>\n<li><strong>Modalidade:<\/strong> Presencial.<\/li>\n<li><strong>Turno:<\/strong> Noturno, sem aulas aos s\u00e1bados.<\/li>\n<li><strong>Carga Hor\u00e1ria:<\/strong> 3300 horas.<\/li>\n<li><strong>Dura\u00e7\u00e3o M\u00ednima:<\/strong> 4,5 anos ou 9 semestres.<\/li>\n<li><strong>Dura\u00e7\u00e3o M\u00e1xima:<\/strong> 9 anos ou 18 semestres.<\/li>\n<li><strong>Curr\u00edculo:<\/strong> Ver <a href=\"https:\/\/dspace.unipampa.edu.br\/bitstream\/riu\/100\/16\/PPC%20Engenharia%20Software%20.pdf\">PPC-ES-2018-2025<\/a>.<\/li>\n<\/ul>\n<p><a href=\"http:\/\/cursos.unipampa.edu.br\/cursos\/engenhariadesoftware\/files\/2023\/03\/ppc-2018-2023.png\"><img decoding=\"async\" loading=\"lazy\" class=\"alignnone wp-image-3095\" src=\"http:\/\/cursos.unipampa.edu.br\/cursos\/engenhariadesoftware\/files\/2023\/03\/ppc-2018-2023-300x188.png\" alt=\"\" width=\"496\" height=\"311\" srcset=\"https:\/\/cursos.unipampa.edu.br\/cursos\/engenhariadesoftware\/files\/2023\/03\/ppc-2018-2023-300x188.png 300w, https:\/\/cursos.unipampa.edu.br\/cursos\/engenhariadesoftware\/files\/2023\/03\/ppc-2018-2023-1024x640.png 1024w, https:\/\/cursos.unipampa.edu.br\/cursos\/engenhariadesoftware\/files\/2023\/03\/ppc-2018-2023-768x480.png 768w, https:\/\/cursos.unipampa.edu.br\/cursos\/engenhariadesoftware\/files\/2023\/03\/ppc-2018-2023.png 1081w\" sizes=\"(max-width: 496px) 100vw, 496px\" \/><\/a><\/p>\n<h6>Vers\u00e3o 2023 (Vers\u00e3o Atualizada de 2018 &#8211; a partir de 2023\/1)<\/h6>\n<ul>\n<li><strong>Modalidade:<\/strong> Presencial.<\/li>\n<li><strong>Turno:<\/strong> Noturno, sem aulas aos s\u00e1bados.<\/li>\n<li><strong>Carga Hor\u00e1ria:<\/strong> 3300 horas.<\/li>\n<li><strong>Dura\u00e7\u00e3o M\u00ednima:<\/strong> 4,5 anos ou 9 semestres.<\/li>\n<li><strong>Dura\u00e7\u00e3o M\u00e1xima:<\/strong> 9 anos ou 18 semestres.<\/li>\n<li><strong>Curr\u00edculo:<\/strong> Ver <a href=\"http:\/\/cursos.unipampa.edu.br\/cursos\/engenhariadesoftware\/files\/2023\/03\/ppc_ales_2018_2023_v3.pdf\">PPC-ES-2018-2023<\/a>.<\/li>\n<\/ul>\n<p><a href=\"http:\/\/cursos.unipampa.edu.br\/cursos\/engenhariadesoftware\/files\/2023\/03\/ppc-2018-2023.png\"><img decoding=\"async\" loading=\"lazy\" class=\"alignnone wp-image-3095\" src=\"http:\/\/cursos.unipampa.edu.br\/cursos\/engenhariadesoftware\/files\/2023\/03\/ppc-2018-2023-300x188.png\" alt=\"\" width=\"496\" height=\"311\" srcset=\"https:\/\/cursos.unipampa.edu.br\/cursos\/engenhariadesoftware\/files\/2023\/03\/ppc-2018-2023-300x188.png 300w, https:\/\/cursos.unipampa.edu.br\/cursos\/engenhariadesoftware\/files\/2023\/03\/ppc-2018-2023-1024x640.png 1024w, https:\/\/cursos.unipampa.edu.br\/cursos\/engenhariadesoftware\/files\/2023\/03\/ppc-2018-2023-768x480.png 768w, https:\/\/cursos.unipampa.edu.br\/cursos\/engenhariadesoftware\/files\/2023\/03\/ppc-2018-2023.png 1081w\" sizes=\"(max-width: 496px) 100vw, 496px\" \/><\/a><\/p>\n<h6>Vers\u00e3o 2018 (a partir de 2018\/1)<\/h6>\n<ul>\n<li><strong>Modalidade:<\/strong> Presencial.<\/li>\n<li><strong>Turno:<\/strong> Noturno, sem aulas aos s\u00e1bados.<\/li>\n<li><strong>Carga Hor\u00e1ria:<\/strong> 3300 horas.<\/li>\n<li><strong>Dura\u00e7\u00e3o M\u00ednima:<\/strong> 4,5 anos ou 9 semestres.<\/li>\n<li><strong>Dura\u00e7\u00e3o M\u00e1xima:<\/strong>\u00a07 anos ou 14 semestres.<\/li>\n<li><strong>Curr\u00edculo:<\/strong> Ver\u00a0<a href=\"http:\/\/cursos.unipampa.edu.br\/cursos\/engenhariadesoftware\/files\/2018\/02\/ppc-es-2018-1.pdf\">PPC-ES-2018<\/a>.<\/li>\n<\/ul>\n<p><a href=\"http:\/\/cursos.unipampa.edu.br\/cursos\/engenhariadesoftware\/files\/2018\/02\/grade2018.png\"><img decoding=\"async\" loading=\"lazy\" class=\"aligncenter size-large wp-image-1918\" src=\"http:\/\/cursos.unipampa.edu.br\/cursos\/engenhariadesoftware\/files\/2018\/02\/grade2018-1024x638.png\" alt=\"\" width=\"474\" height=\"295\" srcset=\"https:\/\/cursos.unipampa.edu.br\/cursos\/engenhariadesoftware\/files\/2018\/02\/grade2018-1024x638.png 1024w, https:\/\/cursos.unipampa.edu.br\/cursos\/engenhariadesoftware\/files\/2018\/02\/grade2018-300x187.png 300w, https:\/\/cursos.unipampa.edu.br\/cursos\/engenhariadesoftware\/files\/2018\/02\/grade2018-768x479.png 768w, https:\/\/cursos.unipampa.edu.br\/cursos\/engenhariadesoftware\/files\/2018\/02\/grade2018.png 1038w\" sizes=\"(max-width: 474px) 100vw, 474px\" \/><\/a><\/p>\n<p><strong>Importante:<\/strong> N\u00e3o s\u00e3o permitidas quebras de pr\u00e9-requisito, conforme decis\u00e3o da Comiss\u00e3o de Curso, formalizada na Ata N\u00ba. 9 de 2018.<\/p>\n<h6>Vers\u00e3o 2010 (V\u00e1lido para os demais semestres)<\/h6>\n<ul>\n<li><strong>Modalidade:<\/strong> Presencial.<\/li>\n<li><strong>Turno:<\/strong> Noturno, com aulas aos s\u00e1bados.<\/li>\n<li><strong>Carga Hor\u00e1ria:<\/strong> 3000 horas.<\/li>\n<li><strong>Dura\u00e7\u00e3o M\u00ednima:<\/strong>\u00a04 anos ou 8 semestres.<\/li>\n<li><strong>Dura\u00e7\u00e3o M\u00e1xima:<\/strong> 8 anos ou 16 semestres.<\/li>\n<li><strong>Curr\u00edculo:<\/strong> Ver <a href=\"http:\/\/cursos.unipampa.edu.br\/cursos\/engenhariadesoftware\/files\/2020\/09\/ppc-engenharia-de-software_alegrete-2010.pdf\">PPC-ES-2010<\/a>.<\/li>\n<\/ul>\n<p><a href=\"http:\/\/cursos.unipampa.edu.br\/cursos\/engenhariadesoftware\/files\/2018\/02\/grade2010.png\"><img decoding=\"async\" loading=\"lazy\" class=\"aligncenter size-large wp-image-1919\" src=\"http:\/\/cursos.unipampa.edu.br\/cursos\/engenhariadesoftware\/files\/2018\/02\/grade2010-1024x873.png\" alt=\"\" width=\"474\" height=\"404\" srcset=\"https:\/\/cursos.unipampa.edu.br\/cursos\/engenhariadesoftware\/files\/2018\/02\/grade2010-1024x873.png 1024w, https:\/\/cursos.unipampa.edu.br\/cursos\/engenhariadesoftware\/files\/2018\/02\/grade2010-300x256.png 300w, https:\/\/cursos.unipampa.edu.br\/cursos\/engenhariadesoftware\/files\/2018\/02\/grade2010-768x654.png 768w, https:\/\/cursos.unipampa.edu.br\/cursos\/engenhariadesoftware\/files\/2018\/02\/grade2010.png 1786w\" sizes=\"(max-width: 474px) 100vw, 474px\" \/><\/a><\/p>\n<p><strong>Importante:<\/strong> N\u00e3o h\u00e1 pr\u00e9-requisitos obrigat\u00f3rios na vers\u00e3o 2010 do curr\u00edculo.<\/p>\n","protected":false},"excerpt":{"rendered":"<p>Vers\u00e3o 2025 (Vers\u00e3o Atualizada de 2018 &#8211; a partir de 2025\/2) Modalidade: Presencial. Turno: Noturno, sem aulas aos s\u00e1bados. Carga Hor\u00e1ria: 3300 horas. Dura\u00e7\u00e3o M\u00ednima: 4,5 anos ou 9 semestres. Dura\u00e7\u00e3o M\u00e1xima: 9 anos ou 18 semestres. Curr\u00edculo: Ver PPC-ES-2018-2025. Vers\u00e3o 2023 (Vers\u00e3o Atualizada de 2018 &#8211; a partir de 2023\/1) Modalidade: Presencial. Turno: Noturno, &hellip; <a href=\"https:\/\/cursos.unipampa.edu.br\/cursos\/engenhariadesoftware\/?page_id=18\" class=\"more-link\">Continue lendo <span class=\"screen-reader-text\">Matriz Curricular<\/span> <span class=\"meta-nav\">&rarr;<\/span><\/a><\/p>\n","protected":false},"author":181,"featured_media":0,"parent":0,"menu_order":5,"comment_status":"closed","ping_status":"closed","template":"","meta":[],"_links":{"self":[{"href":"https:\/\/cursos.unipampa.edu.br\/cursos\/engenhariadesoftware\/index.php?rest_route=\/wp\/v2\/pages\/18"}],"collection":[{"href":"https:\/\/cursos.unipampa.edu.br\/cursos\/engenhariadesoftware\/index.php?rest_route=\/wp\/v2\/pages"}],"about":[{"href":"https:\/\/cursos.unipampa.edu.br\/cursos\/engenhariadesoftware\/index.php?rest_route=\/wp\/v2\/types\/page"}],"author":[{"embeddable":true,"href":"https:\/\/cursos.unipampa.edu.br\/cursos\/engenhariadesoftware\/index.php?rest_route=\/wp\/v2\/users\/181"}],"replies":[{"embeddable":true,"href":"https:\/\/cursos.unipampa.edu.br\/cursos\/engenhariadesoftware\/index.php?rest_route=%2Fwp%2Fv2%2Fcomments&post=18"}],"version-history":[{"count":193,"href":"https:\/\/cursos.unipampa.edu.br\/cursos\/engenhariadesoftware\/index.php?rest_route=\/wp\/v2\/pages\/18\/revisions"}],"predecessor-version":[{"id":3596,"href":"https:\/\/cursos.unipampa.edu.br\/cursos\/engenhariadesoftware\/index.php?rest_route=\/wp\/v2\/pages\/18\/revisions\/3596"}],"wp:attachment":[{"href":"https:\/\/cursos.unipampa.edu.br\/cursos\/engenhariadesoftware\/index.php?rest_route=%2Fwp%2Fv2%2Fmedia&parent=18"}],"curies":[{"name":"wp","href":"https:\/\/api.w.org\/{rel}","templated":true}]}}