
{"id":15,"date":"2010-05-29T01:27:55","date_gmt":"2010-05-29T04:27:55","guid":{"rendered":"http:\/\/cursos.unipampa.edu.br\/cursos\/engenhariadesoftware\/?page_id=15"},"modified":"2019-04-18T12:15:32","modified_gmt":"2019-04-18T15:15:32","slug":"ingresso","status":"publish","type":"page","link":"https:\/\/cursos.unipampa.edu.br\/cursos\/engenhariadesoftware\/?page_id=15","title":{"rendered":"Ingresso"},"content":{"rendered":"<p style=\"text-align: justify\">O Curso de Engenharia de Software oferta para a comunidade <strong>50 vagas anuais<\/strong> e aplica o processo institucional para sele\u00e7\u00e3o dos ingressantes.<\/p>\n<p style=\"text-align: justify\">O <strong>processo seletivo regular<\/strong> da Unipampa ocorre para todos os cursos de gradua\u00e7\u00e3o uma vez por ano, no 1\u00ba semestre, conforme o n\u00famero de vagas estabelecido pela Institui\u00e7\u00e3o e, excepcionalmente, no 2\u00ba se autorizado pelo Conselho Universit\u00e1rio (Consuni), para cursos espec\u00edficos.\u00a0O processo \u00e9 realizado por meio do Sistema de Sele\u00e7\u00e3o Unificada (SiSU) da Secretaria de Educa\u00e7\u00e3o Superior (SESu), Minist\u00e9rio da Educa\u00e7\u00e3o (MEC), utilizando exclusivamente as notas obtidas pelos candidatos no Exame Nacional do Ensino M\u00e9dio (Enem).\u00a0Excepcionalmente podem ser realizados processos seletivos espec\u00edficos autorizados pelo Conselho Universit\u00e1rio.<\/p>\n<p style=\"text-align: justify\">A <strong>reop\u00e7\u00e3o<\/strong>\u00a0\u00e9 uma forma de mobilidade acad\u00eamica regulada por edital espec\u00edfico e condicionada \u00e0 exist\u00eancia de vagas, mediante a qual o discente, regularmente matriculado ou com matr\u00edcula trancada em curso de gradua\u00e7\u00e3o da Unipampa, pode transferir-se para outro curso de gradua\u00e7\u00e3o desta Universidade.\u00a0A mudan\u00e7a de curso ou turno pode ocorrer at\u00e9 2 vezes.<\/p>\n<p style=\"text-align: justify\">O <strong>processo seletivo complementar<\/strong> \u00e9 promovido, semestralmente, em virtude da disponibilidade de vagas, para ingresso no semestre subsequente, com o fim de criar oportunidades de acesso ao ensino p\u00fablico superior.<\/p>\n<ul>\n<li style=\"text-align: justify\">Reingresso \u00e9 a forma de ingresso de ex-discentes da Unipampa em situa\u00e7\u00e3o de abandono ou cancelamento de curso h\u00e1 menos de 2 anos.<\/li>\n<li style=\"text-align: justify\">Transfer\u00eancia volunt\u00e1ria \u00e9 a forma de ingresso de discentes regularmente matriculados ou com matr\u00edcula trancada em curso de gradua\u00e7\u00e3o de outra\u00a0Institui\u00e7\u00e3o de Ensino Superior (IES), p\u00fablica ou privada, reconhecida conforme legisla\u00e7\u00e3o, e que desejam transferir-se para essa Universidade, dispondo-se a\u00a0cumprir as regras do edital proposto pela Institui\u00e7\u00e3o.<\/li>\n<li style=\"text-align: justify\">Portador de diploma \u00e9 a forma de ingresso na Unipampa para diplomados por IESs do Pa\u00eds, conforme legisla\u00e7\u00e3o, ou que tenham obtido diploma no\u00a0exterior, desde que revalidado na forma da lei.<\/li>\n<\/ul>\n<p style=\"text-align: justify\">A <strong>transfer\u00eancia compuls\u00f3ria<\/strong>, ou transfer\u00eancia <em>Ex-Officio<\/em>, \u00e9 a forma de ingresso concedida a servidor p\u00fablico federal, civil ou militar, ou a seu dependente discente, em raz\u00e3o de comprovada remo\u00e7\u00e3o ou transfer\u00eancia de of\u00edcio que acarrete mudan\u00e7a de domic\u00edlio para a cidade do <em>Campus<\/em> pretendido ou munic\u00edpio pr\u00f3ximo, na forma da lei.<\/p>\n<p style=\"text-align: justify\">O <strong>regime especial<\/strong> consiste na inscri\u00e7\u00e3o em componentes curriculares para complementa\u00e7\u00e3o ou atualiza\u00e7\u00e3o de conhecimentos.\u00a0A matr\u00edcula no regime especial \u00e9 permitida aos portadores de diploma de curso superior, discentes de outra IES e portadores de certificado de conclus\u00e3o de ensino m\u00e9dio com idade acima de 60 anos respeitada a exist\u00eancia de vagas e a obten\u00e7\u00e3o de parecer favor\u00e1vel da Coordena\u00e7\u00e3o Acad\u00eamica.\u00a0A matr\u00edcula no regime especial n\u00e3o constitui v\u00ednculo com qualquer curso de gradua\u00e7\u00e3o da institui\u00e7\u00e3o.<\/p>\n<p style=\"text-align: justify\">O <strong>programa estudante conv\u00eanio<\/strong> permite a a matr\u00edcula de estudante estrangeiro, mediante conv\u00eanio cultural firmado entre o Brasil e os pa\u00edses conveniados, somente \u00e9\u00a0aceita dentro do n\u00famero de vagas oferecidas anualmente pela Universidade \u00e0 SESu do MEC.<\/p>\n<p style=\"text-align: justify\">O <strong>programa de mobilidade acad\u00eamica interinstitucional<\/strong> permite ao discente de outras IES cursar componentes curriculares na Unipampa, como forma de vincula\u00e7\u00e3o<br \/>\ntempor\u00e1ria pelo prazo estipulado no conv\u00eanio assinado entre as institui\u00e7\u00f5es.<\/p>\n<p style=\"text-align: justify\">O <strong>programa de mobilidade acad\u00eamica intrainstitucional<\/strong> permite ao discente da Unipampa cursar, temporariamente, componentes curriculares em outros <em>campi<\/em>.<\/p>\n<p style=\"text-align: justify\">A <strong>matr\u00edcula institucional de cortesia<\/strong> consiste na admiss\u00e3o de estudantes estrangeiros funcion\u00e1rios internacionais ou seus dependentes, que figuram na lista<br \/>\ndiplom\u00e1tica ou consular, conforme Decreto Federal n\u00ba 89.758, de 6 de junho de 1984 e Portaria n\u00ba 121, de 2 de outubro de 1984.<\/p>\n","protected":false},"excerpt":{"rendered":"<p>O Curso de Engenharia de Software oferta para a comunidade 50 vagas anuais e aplica o processo institucional para sele\u00e7\u00e3o dos ingressantes. O processo seletivo regular da Unipampa ocorre para todos os cursos de gradua\u00e7\u00e3o uma vez por ano, no 1\u00ba semestre, conforme o n\u00famero de vagas estabelecido pela Institui\u00e7\u00e3o e, excepcionalmente, no 2\u00ba se &hellip; <a href=\"https:\/\/cursos.unipampa.edu.br\/cursos\/engenhariadesoftware\/?page_id=15\" class=\"more-link\">Continue lendo <span class=\"screen-reader-text\">Ingresso<\/span> <span class=\"meta-nav\">&rarr;<\/span><\/a><\/p>\n","protected":false},"author":181,"featured_media":0,"parent":0,"menu_order":98,"comment_status":"closed","ping_status":"closed","template":"","meta":[],"_links":{"self":[{"href":"https:\/\/cursos.unipampa.edu.br\/cursos\/engenhariadesoftware\/index.php?rest_route=\/wp\/v2\/pages\/15"}],"collection":[{"href":"https:\/\/cursos.unipampa.edu.br\/cursos\/engenhariadesoftware\/index.php?rest_route=\/wp\/v2\/pages"}],"about":[{"href":"https:\/\/cursos.unipampa.edu.br\/cursos\/engenhariadesoftware\/index.php?rest_route=\/wp\/v2\/types\/page"}],"author":[{"embeddable":true,"href":"https:\/\/cursos.unipampa.edu.br\/cursos\/engenhariadesoftware\/index.php?rest_route=\/wp\/v2\/users\/181"}],"replies":[{"embeddable":true,"href":"https:\/\/cursos.unipampa.edu.br\/cursos\/engenhariadesoftware\/index.php?rest_route=%2Fwp%2Fv2%2Fcomments&post=15"}],"version-history":[{"count":27,"href":"https:\/\/cursos.unipampa.edu.br\/cursos\/engenhariadesoftware\/index.php?rest_route=\/wp\/v2\/pages\/15\/revisions"}],"predecessor-version":[{"id":2760,"href":"https:\/\/cursos.unipampa.edu.br\/cursos\/engenhariadesoftware\/index.php?rest_route=\/wp\/v2\/pages\/15\/revisions\/2760"}],"wp:attachment":[{"href":"https:\/\/cursos.unipampa.edu.br\/cursos\/engenhariadesoftware\/index.php?rest_route=%2Fwp%2Fv2%2Fmedia&parent=15"}],"curies":[{"name":"wp","href":"https:\/\/api.w.org\/{rel}","templated":true}]}}