
{"id":1020,"date":"2013-04-30T19:30:48","date_gmt":"2013-04-30T22:30:48","guid":{"rendered":"http:\/\/cursos.unipampa.edu.br\/cursos\/engenhariadesoftware\/?page_id=1020"},"modified":"2023-03-14T21:19:03","modified_gmt":"2023-03-15T00:19:03","slug":"estagio","status":"publish","type":"page","link":"https:\/\/cursos.unipampa.edu.br\/cursos\/engenhariadesoftware\/?page_id=1020","title":{"rendered":"Est\u00e1gio Obrigat\u00f3rio"},"content":{"rendered":"<p style=\"text-align: justify\">O Est\u00e1gio Obrigat\u00f3rio visa proporcionar ao discente experi\u00eancias profissionais em organiza\u00e7\u00f5es p\u00fablicas ou privadas, incluindo a pr\u00f3pria Unipampa.<br \/>\nO Est\u00e1gio Obrigat\u00f3rio do Curso de Engenharia de Software tem uma carga hor\u00e1ria m\u00ednima de 240 horas e est\u00e1 em conformidade com as Normas de Est\u00e1gio da Unipampa.<\/p>\n<p style=\"text-align: justify\">As regras e os procedimentos para a execu\u00e7\u00e3o do Est\u00e1gio Obrigat\u00f3rio s\u00e3o descritos em documentos espec\u00edficos. Veja os links abaixo:<\/p>\n<ul>\n<li><a href=\"http:\/\/sites.unipampa.edu.br\/consuni\/files\/2010\/06\/Res.-20_2010-Normas-para-Est\u00e1gios.pdf\">Normas de Est\u00e1gio da UNIPAMPA<\/a><\/li>\n<li><a href=\"http:\/\/cursos.unipampa.edu.br\/cursos\/engenhariadesoftware\/files\/2023\/03\/normas-de-estagio.pdf\">Normas de Est\u00e1gio da Engenharia de Software (2018 &#8211; Vers\u00e3o Atualizada 2023)<\/a><\/li>\n<li><a href=\"http:\/\/cursos.unipampa.edu.br\/cursos\/engenhariadesoftware\/files\/2021\/02\/ppc_ales_2018_normas_para_estagios.pdf\">Normas de Est\u00e1gio da Engenharia de Software (Vers\u00e3o 2018)<\/a><\/li>\n<li><a href=\"http:\/\/cursos.unipampa.edu.br\/cursos\/engenhariadesoftware\/files\/2015\/05\/processo_estagio_simplificado.pdf\">Processo para Execu\u00e7\u00e3o do Est\u00e1gio &#8211; Vers\u00e3o Resumida<\/a><\/li>\n<li><a href=\"http:\/\/cursos.unipampa.edu.br\/cursos\/engenhariadesoftware\/files\/2015\/02\/inicio_estagio_processo_detalhado.png\">Processo para In\u00edcio do Est\u00e1gio &#8211; Vers\u00e3o Completa<\/a><\/li>\n<li><a href=\"\/\/cursos.unipampa.edu.br\/cursos\/engenhariadesoftware\/files\/2015\/02\/fim_estagio_processo_detalhado.png\">Processo para Fim do Est\u00e1gio &#8211; Vers\u00e3o Completa<\/a><\/li>\n<\/ul>\n<p>Voc\u00ea pode baixar o modelo de monografias zipado em Latex ou .doc abaixo:<\/p>\n<ul>\n<li><a href=\"http:\/\/cursos.unipampa.edu.br\/cursos\/engenhariadesoftware\/files\/2020\/09\/modelo-monografias-latex.zip\" target=\"_blank\" rel=\"noopener noreferrer\">Modelo de Monografias Latex<\/a> (.zip)<\/li>\n<li><a href=\"http:\/\/cursos.unipampa.edu.br\/cursos\/engenhariadesoftware\/files\/2020\/09\/template-trabalhos-academicos-unipampa-2019-doc-3-5-19.doc\" target=\"_blank\" rel=\"noopener noreferrer\">Modelo de Monografia<\/a> (.doc)<\/li>\n<\/ul>\n","protected":false},"excerpt":{"rendered":"<p>O Est\u00e1gio Obrigat\u00f3rio visa proporcionar ao discente experi\u00eancias profissionais em organiza\u00e7\u00f5es p\u00fablicas ou privadas, incluindo a pr\u00f3pria Unipampa. O Est\u00e1gio Obrigat\u00f3rio do Curso de Engenharia de Software tem uma carga hor\u00e1ria m\u00ednima de 240 horas e est\u00e1 em conformidade com as Normas de Est\u00e1gio da Unipampa. As regras e os procedimentos para a execu\u00e7\u00e3o do &hellip; <a href=\"https:\/\/cursos.unipampa.edu.br\/cursos\/engenhariadesoftware\/?page_id=1020\" class=\"more-link\">Continue lendo <span class=\"screen-reader-text\">Est\u00e1gio Obrigat\u00f3rio<\/span> <span class=\"meta-nav\">&rarr;<\/span><\/a><\/p>\n","protected":false},"author":181,"featured_media":0,"parent":0,"menu_order":0,"comment_status":"open","ping_status":"open","template":"","meta":[],"_links":{"self":[{"href":"https:\/\/cursos.unipampa.edu.br\/cursos\/engenhariadesoftware\/index.php?rest_route=\/wp\/v2\/pages\/1020"}],"collection":[{"href":"https:\/\/cursos.unipampa.edu.br\/cursos\/engenhariadesoftware\/index.php?rest_route=\/wp\/v2\/pages"}],"about":[{"href":"https:\/\/cursos.unipampa.edu.br\/cursos\/engenhariadesoftware\/index.php?rest_route=\/wp\/v2\/types\/page"}],"author":[{"embeddable":true,"href":"https:\/\/cursos.unipampa.edu.br\/cursos\/engenhariadesoftware\/index.php?rest_route=\/wp\/v2\/users\/181"}],"replies":[{"embeddable":true,"href":"https:\/\/cursos.unipampa.edu.br\/cursos\/engenhariadesoftware\/index.php?rest_route=%2Fwp%2Fv2%2Fcomments&post=1020"}],"version-history":[{"count":18,"href":"https:\/\/cursos.unipampa.edu.br\/cursos\/engenhariadesoftware\/index.php?rest_route=\/wp\/v2\/pages\/1020\/revisions"}],"predecessor-version":[{"id":3107,"href":"https:\/\/cursos.unipampa.edu.br\/cursos\/engenhariadesoftware\/index.php?rest_route=\/wp\/v2\/pages\/1020\/revisions\/3107"}],"wp:attachment":[{"href":"https:\/\/cursos.unipampa.edu.br\/cursos\/engenhariadesoftware\/index.php?rest_route=%2Fwp%2Fv2%2Fmedia&parent=1020"}],"curies":[{"name":"wp","href":"https:\/\/api.w.org\/{rel}","templated":true}]}}